{"id":709,"date":"2016-05-10T09:55:45","date_gmt":"2016-05-10T09:55:45","guid":{"rendered":"http:\/\/splash.stylemixthemes.com\/?page_id=709"},"modified":"2025-01-28T13:57:00","modified_gmt":"2025-01-28T11:57:00","slug":"yhteystiedot","status":"publish","type":"page","link":"https:\/\/lahtibasketball.fi\/index.php\/yhteystiedot\/","title":{"rendered":"Yhteystiedot"},"content":{"rendered":"<div class=\"wpb-content-wrapper\"><p>[vc_row css=&#8221;.vc_custom_1462881653084{margin-bottom: 90px !important;}&#8221;][vc_column][vc_row_inner][vc_column_inner width=&#8221;1\/2&#8243;][stm_contact_info image_size=&#8221;&#8221; image=&#8221;75&#8243; title=&#8221;Seuran toimisto&#8221; subtitle=&#8221;Salpaussel\u00e4nkatu 7, 15110 Lahti&#8221; email=&#8221;toimisto@lahtibasketball.fi&#8221;][vc_empty_space][stm_contact_info image_size=&#8221;&#8221; image=&#8221;75&#8243; title=&#8221;Roope Suonio&#8221; subtitle=&#8221;Toiminnanjohtaja&#8221; phone=&#8221;041 5451702&#8243; email=&#8221;roope@lahtibasketball.fi&#8221;][\/vc_column_inner][vc_column_inner width=&#8221;1\/2&#8243;][stm_contact_info image=&#8221;77&#8243; title=&#8221;Luhta Areena&#8221; subtitle=&#8221;Salpaussel\u00e4nkatu 7, 15110 Lahti&#8221; phone=&#8221;050 5594152&#8243;][vc_empty_space][stm_contact_info image_size=&#8221;&#8221; image=&#8221;75&#8243; title=&#8221;Niklas Honkanen&#8221; subtitle=&#8221;Myyntip\u00e4\u00e4llikk\u00f6&#8221; phone=&#8221;044 2542742&#8243; email=&#8221;niklas@lahtibasketball.fi&#8221;][\/vc_column_inner][\/vc_row_inner][\/vc_column][\/vc_row][vc_row][vc_column][vc_column_text css=&#8221;.vc_custom_1738065415439{margin-bottom: 45px !important;}&#8221;]<\/p>\n<h5 style=\"letter-spacing: 0.8px; margin-bottom: 30px;\">LAHTI BASKETBALL PELAA KOTIOTTELUNSA LUHTA AREENALLA!<\/h5>\n<p style=\"line-height: 20px;\">Lahti Basketball -fanituotteet myynniss\u00e4 otteluiden yhteydess\u00e4.<\/p>\n<p>[\/vc_column_text][vc_gmaps link=&#8221;#E-8_JTNDaWZyYW1lJTIwc3JjJTNEJTIyaHR0cHMlM0ElMkYlMkZ3d3cuZ29vZ2xlLmNvbSUyRm1hcHMlMkZlbWJlZCUzRnBiJTNEJTIxMW0xOCUyMTFtMTIlMjExbTMlMjExZDE5MzUuMTk1NDgwMzY1MDc4OCUyMTJkMjUuNjM0OTY0OTQxMTY5MDUyJTIxM2Q2MC45ODUzMzM3ODg4Mjk5NSUyMTJtMyUyMTFmMCUyMTJmMCUyMTNmMCUyMTNtMiUyMTFpMTAyNCUyMTJpNzY4JTIxNGYxMy4xJTIxM20zJTIxMW0yJTIxMXMweDQ2OGUyOGY5MmM5YmQ3NWIlMjUzQTB4N2UwOTY0MDk3ZDY3MjI0MSUyMTJzTGFoZGVuJTI1MjBzdXVyaGFsbGklMjUyMCUyNTdDJTI1MjBMYWh0aSUyNTIwRW5lcmdpYSUyNTIwQXJlZW5hJTIxNWUwJTIxM20yJTIxMXNmaSUyMTJzZmklMjE0djE1NzAwMDAyNDEzMTUlMjE1bTIlMjExc2ZpJTIxMnNmaSUyMiUyMHdpZHRoJTNEJTIyNjAwJTIyJTIwaGVpZ2h0JTNEJTIyNDUwJTIyJTIwZnJhbWVib3JkZXIlM0QlMjIwJTIyJTIwc3R5bGUlM0QlMjJib3JkZXIlM0EwJTNCJTIyJTIwYWxsb3dmdWxsc2NyZWVuJTNEJTIyJTIyJTNFJTNDJTJGaWZyYW1lJTNF&#8221;][\/vc_column][\/vc_row]<\/p>\n<\/div>","protected":false},"excerpt":{"rendered":"<p>[vc_row css=&#8221;.vc_custom_1462881653084{margin-bottom: 90px !important;}&#8221;][vc_column][vc_row_inner][vc_column_inner width=&#8221;1\/2&#8243;][stm_contact_info image_size=&#8221;&#8221; image=&#8221;75&#8243; title=&#8221;Seuran toimisto&#8221; subtitle=&#8221;Salpaussel\u00e4nkatu 7, 15110 Lahti&#8221; email=&#8221;toimisto@lahtibasketball.fi&#8221;][vc_empty_space][stm_contact_info image_size=&#8221;&#8221; image=&#8221;75&#8243; title=&#8221;Roope Suonio&#8221; subtitle=&#8221;Toiminnanjohtaja&#8221; phone=&#8221;041 5451702&#8243; email=&#8221;roope@lahtibasketball.fi&#8221;][\/vc_column_inner][vc_column_inner width=&#8221;1\/2&#8243;][stm_contact_info image=&#8221;77&#8243; title=&#8221;Luhta Areena&#8221; subtitle=&#8221;Salpaussel\u00e4nkatu 7, 15110 Lahti&#8221; phone=&#8221;050 5594152&#8243;][vc_empty_space][stm_contact_info image_size=&#8221;&#8221; image=&#8221;75&#8243; title=&#8221;Niklas Honkanen&#8221; subtitle=&#8221;Myyntip\u00e4\u00e4llikk\u00f6&#8221; phone=&#8221;044 2542742&#8243; email=&#8221;niklas@lahtibasketball.fi&#8221;][\/vc_column_inner][\/vc_row_inner][\/vc_column][\/vc_row][vc_row][vc_column][vc_column_text css=&#8221;.vc_custom_1738065415439{margin-bottom: 45px !important;}&#8221;] LAHTI BASKETBALL PELAA KOTIOTTELUNSA LUHTA AREENALLA! Lahti Basketball -fanituotteet myynniss\u00e4 otteluiden yhteydess\u00e4&#8230;.<\/p>\n","protected":false},"author":1,"featured_media":0,"parent":0,"menu_order":0,"comment_status":"closed","ping_status":"closed","template":"","meta":{"_crdt_document":"","advanced_seo_description":"","jetpack_seo_html_title":"","jetpack_seo_noindex":false,"footnotes":""},"class_list":["post-709","page","type-page","status-publish","hentry"],"jetpack_sharing_enabled":true,"jetpack_shortlink":"https:\/\/wp.me\/PgVUN0-br","_links":{"self":[{"href":"https:\/\/lahtibasketball.fi\/index.php\/wp-json\/wp\/v2\/pages\/709","targetHints":{"allow":["GET"]}}],"collection":[{"href":"https:\/\/lahtibasketball.fi\/index.php\/wp-json\/wp\/v2\/pages"}],"about":[{"href":"https:\/\/lahtibasketball.fi\/index.php\/wp-json\/wp\/v2\/types\/page"}],"author":[{"embeddable":true,"href":"https:\/\/lahtibasketball.fi\/index.php\/wp-json\/wp\/v2\/users\/1"}],"replies":[{"embeddable":true,"href":"https:\/\/lahtibasketball.fi\/index.php\/wp-json\/wp\/v2\/comments?post=709"}],"version-history":[{"count":43,"href":"https:\/\/lahtibasketball.fi\/index.php\/wp-json\/wp\/v2\/pages\/709\/revisions"}],"predecessor-version":[{"id":5351,"href":"https:\/\/lahtibasketball.fi\/index.php\/wp-json\/wp\/v2\/pages\/709\/revisions\/5351"}],"wp:attachment":[{"href":"https:\/\/lahtibasketball.fi\/index.php\/wp-json\/wp\/v2\/media?parent=709"}],"curies":[{"name":"wp","href":"https:\/\/api.w.org\/{rel}","templated":true}]}}