{"id":5062,"date":"2024-09-18T12:41:05","date_gmt":"2024-09-18T10:41:05","guid":{"rendered":"https:\/\/lahtibasketball.fi\/?page_id=5062"},"modified":"2024-10-03T08:23:54","modified_gmt":"2024-10-03T06:23:54","slug":"saunatilojen-vuokraus","status":"publish","type":"page","link":"https:\/\/lahtibasketball.fi\/index.php\/saunatilojen-vuokraus\/","title":{"rendered":"Saunatilojen vuokraus"},"content":{"rendered":"<div class=\"wpb-content-wrapper\"><p>[vc_row][vc_column][vc_column_text]<\/p>\r\n<p>Vuokraa Suurhallin saunatilat kokousta tai saunailtaa varten.<\/p>\r\n<p class=\"wp-block-paragraph\">Lahden sporttisimmat saunatilat Jari- ja Hannes-sauna tarjoavat erinomaiset puitteet niin isoille kuin pienille ryhmille. Jari-saunan tiloihin mahtuu noin 35 henkil\u00f6\u00e4 ja Hannes-saunan tiloihin noin 15 henkil\u00f6\u00e4.<\/p>\r\n<p>Tiedustelut s\u00e4hk\u00f6postitse <a href=\"mailto:saunat.laba@gmail.com\">saunat.laba@gmail.com<\/a><\/p>\r\n<p>[\/vc_column_text][\/vc_column][\/vc_row][vc_row][vc_column][stm_images_grid image_size=&#8221;medium&#8221; images=&#8221;5072,5071,5074,5073,5068,5070,5069&#8243;][\/vc_column][\/vc_row]<\/p><\/div>","protected":false},"excerpt":{"rendered":"<p>[vc_row][vc_column][vc_column_text] Vuokraa Suurhallin saunatilat kokousta tai saunailtaa varten. Lahden sporttisimmat saunatilat Jari- ja Hannes-sauna tarjoavat erinomaiset puitteet niin isoille kuin pienille ryhmille. Jari-saunan tiloihin mahtuu noin 35 henkil\u00f6\u00e4 ja Hannes-saunan tiloihin noin 15 henkil\u00f6\u00e4. Tiedustelut s\u00e4hk\u00f6postitse saunat.laba@gmail.com [\/vc_column_text][\/vc_column][\/vc_row][vc_row][vc_column][stm_images_grid image_size=&#8221;medium&#8221; images=&#8221;5072,5071,5074,5073,5068,5070,5069&#8243;][\/vc_column][\/vc_row]<\/p>\n","protected":false},"author":1,"featured_media":0,"parent":0,"menu_order":0,"comment_status":"closed","ping_status":"closed","template":"","meta":{"_crdt_document":"","advanced_seo_description":"","jetpack_seo_html_title":"","jetpack_seo_noindex":false,"footnotes":""},"class_list":["post-5062","page","type-page","status-publish","hentry"],"jetpack_sharing_enabled":true,"jetpack_shortlink":"https:\/\/wp.me\/PgVUN0-1jE","_links":{"self":[{"href":"https:\/\/lahtibasketball.fi\/index.php\/wp-json\/wp\/v2\/pages\/5062","targetHints":{"allow":["GET"]}}],"collection":[{"href":"https:\/\/lahtibasketball.fi\/index.php\/wp-json\/wp\/v2\/pages"}],"about":[{"href":"https:\/\/lahtibasketball.fi\/index.php\/wp-json\/wp\/v2\/types\/page"}],"author":[{"embeddable":true,"href":"https:\/\/lahtibasketball.fi\/index.php\/wp-json\/wp\/v2\/users\/1"}],"replies":[{"embeddable":true,"href":"https:\/\/lahtibasketball.fi\/index.php\/wp-json\/wp\/v2\/comments?post=5062"}],"version-history":[{"count":4,"href":"https:\/\/lahtibasketball.fi\/index.php\/wp-json\/wp\/v2\/pages\/5062\/revisions"}],"predecessor-version":[{"id":5105,"href":"https:\/\/lahtibasketball.fi\/index.php\/wp-json\/wp\/v2\/pages\/5062\/revisions\/5105"}],"wp:attachment":[{"href":"https:\/\/lahtibasketball.fi\/index.php\/wp-json\/wp\/v2\/media?parent=5062"}],"curies":[{"name":"wp","href":"https:\/\/api.w.org\/{rel}","templated":true}]}}