{"id":5042,"date":"2024-09-18T12:23:26","date_gmt":"2024-09-18T10:23:26","guid":{"rendered":"https:\/\/lahtibasketball.fi\/?page_id=5042"},"modified":"2024-09-18T12:31:16","modified_gmt":"2024-09-18T10:31:16","slug":"mediakortti","status":"publish","type":"page","link":"https:\/\/lahtibasketball.fi\/index.php\/mediakortti\/","title":{"rendered":"Mediakortti"},"content":{"rendered":"<div class=\"wpb-content-wrapper\"><p>[vc_row][vc_column][vc_column_text] Lataa Lahti Basketballin mediakortti ja tutustu yhteisty\u00f6vaihtoehtoihin.&nbsp;<\/p>\n<p class=\"wp-block-paragraph\"><br \/>\n<\/p>\n<div class=\"wp-block-file\"><a href=\"https:\/\/lahtibasketball.fi\/wp-content\/uploads\/2024\/09\/Lahti_Basketball_mediakortti_24-25.pdf\">Lahti Basketball mediakortti kausi 2024-25<\/a><a href=\"https:\/\/lahtibasketball.fi\/wp-content\/uploads\/2024\/09\/Lahti_Basketball_mediakortti_24-25.pdf\" class=\"wp-block-file__button\" download>Lataa<\/a><\/div>\n<p> <strong>Mik\u00e4li mielenkiintosi her\u00e4si, ota yhteytt\u00e4 myyntip\u00e4\u00e4llikk\u00f6\u00f6mme Niklas Honkaseen sopivan kokonaisuuden rakentamiseksi;\u00a0<a rel=\"noreferrer noopener\" href=\"mailto:niklas@lahtibasketball.fi\" target=\"_blank\">niklas@lahtibasketball.fi<\/a>\u00a0tai 0442542742<\/strong><\/p>\n<p class=\"wp-block-paragraph\">[\/vc_column_text][\/vc_column][\/vc_row][vc_row][vc_column][vc_single_image image=&#8221;75&#8243; img_size=&#8221;medium&#8221; alignment=&#8221;center&#8221;][\/vc_column][\/vc_row]<\/p>\n<\/div>","protected":false},"excerpt":{"rendered":"<p>[vc_row][vc_column][vc_column_text] Lataa Lahti Basketballin mediakortti ja tutustu yhteisty\u00f6vaihtoehtoihin.&nbsp; Mik\u00e4li mielenkiintosi her\u00e4si, ota yhteytt\u00e4 myyntip\u00e4\u00e4llikk\u00f6\u00f6mme Niklas Honkaseen sopivan kokonaisuuden rakentamiseksi;\u00a0niklas@lahtibasketball.fi\u00a0tai 0442542742 [\/vc_column_text][\/vc_column][\/vc_row][vc_row][vc_column][vc_single_image image=&#8221;75&#8243; img_size=&#8221;medium&#8221; alignment=&#8221;center&#8221;][\/vc_column][\/vc_row]<\/p>\n","protected":false},"author":1,"featured_media":0,"parent":0,"menu_order":0,"comment_status":"closed","ping_status":"closed","template":"","meta":{"_crdt_document":"","advanced_seo_description":"","jetpack_seo_html_title":"","jetpack_seo_noindex":false,"footnotes":""},"class_list":["post-5042","page","type-page","status-publish","hentry"],"jetpack_sharing_enabled":true,"jetpack_shortlink":"https:\/\/wp.me\/PgVUN0-1jk","_links":{"self":[{"href":"https:\/\/lahtibasketball.fi\/index.php\/wp-json\/wp\/v2\/pages\/5042","targetHints":{"allow":["GET"]}}],"collection":[{"href":"https:\/\/lahtibasketball.fi\/index.php\/wp-json\/wp\/v2\/pages"}],"about":[{"href":"https:\/\/lahtibasketball.fi\/index.php\/wp-json\/wp\/v2\/types\/page"}],"author":[{"embeddable":true,"href":"https:\/\/lahtibasketball.fi\/index.php\/wp-json\/wp\/v2\/users\/1"}],"replies":[{"embeddable":true,"href":"https:\/\/lahtibasketball.fi\/index.php\/wp-json\/wp\/v2\/comments?post=5042"}],"version-history":[{"count":6,"href":"https:\/\/lahtibasketball.fi\/index.php\/wp-json\/wp\/v2\/pages\/5042\/revisions"}],"predecessor-version":[{"id":5053,"href":"https:\/\/lahtibasketball.fi\/index.php\/wp-json\/wp\/v2\/pages\/5042\/revisions\/5053"}],"wp:attachment":[{"href":"https:\/\/lahtibasketball.fi\/index.php\/wp-json\/wp\/v2\/media?parent=5042"}],"curies":[{"name":"wp","href":"https:\/\/api.w.org\/{rel}","templated":true}]}}