{"id":1602,"date":"2019-10-01T08:27:28","date_gmt":"2019-10-01T06:27:28","guid":{"rendered":"http:\/\/laba.sbecommerce.fi\/?page_id=1602"},"modified":"2025-11-19T13:37:58","modified_gmt":"2025-11-19T11:37:58","slug":"liput-2","status":"publish","type":"page","link":"https:\/\/lahtibasketball.fi\/index.php\/liput-2\/","title":{"rendered":"Liput\/kausikortit"},"content":{"rendered":"<div class=\"wpb-content-wrapper\"><p>[vc_row][vc_column][vc_column_text]<\/p>\r\n<p><strong>P\u00e4\u00e4syliput<\/strong><\/p>\r\n<p>Peruslippu 15\u20ac<\/p>\r\n<p>Alennusryhm\u00e4t 10\u20ac<\/p>\r\n<!-- \/wp:post-content -->\r\n<p><!-- wp:paragraph -->Lapset ja nuoret:<\/p>\r\n<ul>\r\n<li>Alle 7-vuotiaat ilmaiseksi<\/li>\r\n<li>8-10-vuotiaat\u00a0 5\u20ac<\/li>\r\n<li>11-17-vuotiaat 10\u20ac<\/li>\r\n<\/ul>\r\n<!-- \/wp:paragraph -->\r\n<p><!-- wp:paragraph -->Kaikki kotiottelut pelataan Luhta Areenalla!<\/p>\r\n<p><strong>Osta lippusi <a href=\"https:\/\/kauppa.lahtibasketball.fi\/\">T\u00c4\u00c4LT\u00c4!<\/a><\/strong><\/p>\r\n<p>[\/vc_column_text][vc_row_inner][vc_column_inner][vc_raw_html]JTNDJTIxLS0lMjBHcm93ZW8lMjBTbWFydCUyMEJvdCUyMC0tJTNFJTBBJTNDc2NyaXB0JTIwc3JjJTNEJTIyaHR0cHMlM0ElMkYlMkZlbmdpbmUuZ3Jvd2VvLmNvbSUyRmJvdCUyRnNjcmlwdDQuanMlMjIlM0UlM0MlMkZzY3JpcHQlM0UlMEElM0NzY3JpcHQlMjBzcmMlM0QlMjJodHRwcyUzQSUyRiUyRmVuZ2luZS5ncm93ZW8uY29tJTJGc21hcnRCbG9jayUyRnNjcmlwdC5qcyUyMiUzRSUzQyUyRnNjcmlwdCUzRSUwQSUzQ2lmcmFtZSUyMGlkJTNEJTIyNjZhMWU5MTRiNmQxMTc3NWRjODVlMzE1LTY2NzAwYTdmMzlhMGE4NjFjMzZmMzE3NC1pbnBhZ2UlMjIlMjAlMEElMjAlMjAlMjAlMjBzcmMlM0QlMjJodHRwcyUzQSUyRiUyRmVuZ2luZS5ncm93ZW8uY29tJTJGc21hcnRCbG9jayUyRiUzRnVybCUzRGh0dHBzJTNBJTJGJTJGZW5naW5lLmdyb3dlby5jb20lMkZhcGklMkY2NjcwMGE3ZjM5YTBhODYxYzM2ZjMxNzQlMkY2NmExZTkxNGI2ZDExNzc1ZGM4NWUzMTUlMjZwdWJsaXNoVXJsJTNEaHR0cHMlM0ElMkYlMkZlbmdpbmUuZ3Jvd2VvLmNvbSUyRmFwaSUyRnNlc3Npb24lMkZyZXNwb25zZSUyNndvcmtzcGFjZUlkJTNENjY3MDBhN2YzOWEwYTg2MWMzNmYzMTc0JTI2bW9kdWxlSWQlM0Q2NmExZTkxNGI2ZDExNzc1ZGM4NWUzMTUlMjZpblBhZ2UlM0R0cnVlJTI2aXNQcmV2aWV3JTNEZmFsc2UlMjZsYW5ndWFnZSUzRGZpJTIyJTIwJTBBJTIwJTIwJTIwJTIwaGVpZ2h0JTNEMTAwJTI1JTIwd2lkdGglM0QlMjIxMDAlMjUlMjIlMjBmcmFtZWJvcmRlciUzRCUyMjAlMjIlMjBzY3JvbGxpbmclM0QlMjJhdXRvJTIyJTNFJTNDJTJGaWZyYW1lJTNF[\/vc_raw_html][\/vc_column_inner][\/vc_row_inner][\/vc_column][\/vc_row][vc_row][vc_column][vc_gmaps link=&#8221;#E-8_JTNDaWZyYW1lJTIwc3JjJTNEJTIyaHR0cHMlM0ElMkYlMkZ3d3cuZ29vZ2xlLmNvbSUyRm1hcHMlMkZlbWJlZCUzRnBiJTNEJTIxMW0xOCUyMTFtMTIlMjExbTMlMjExZDE5MzUuMTk1NDgwMzY1MDc4OCUyMTJkMjUuNjM0OTY0OTQxMTY5MDUyJTIxM2Q2MC45ODUzMzM3ODg4Mjk5NSUyMTJtMyUyMTFmMCUyMTJmMCUyMTNmMCUyMTNtMiUyMTFpMTAyNCUyMTJpNzY4JTIxNGYxMy4xJTIxM20zJTIxMW0yJTIxMXMweDQ2OGUyOGY5MmM5YmQ3NWIlMjUzQTB4N2UwOTY0MDk3ZDY3MjI0MSUyMTJzTGFoZGVuJTI1MjBzdXVyaGFsbGklMjUyMCUyNTdDJTI1MjBMYWh0aSUyNTIwRW5lcmdpYSUyNTIwQXJlZW5hJTIxNWUwJTIxM20yJTIxMXNmaSUyMTJzZmklMjE0djE1NzAwMDAyNDEzMTUlMjE1bTIlMjExc2ZpJTIxMnNmaSUyMiUyMHdpZHRoJTNEJTIyNjAwJTIyJTIwaGVpZ2h0JTNEJTIyNDUwJTIyJTIwZnJhbWVib3JkZXIlM0QlMjIwJTIyJTIwc3R5bGUlM0QlMjJib3JkZXIlM0EwJTNCJTIyJTIwYWxsb3dmdWxsc2NyZWVuJTNEJTIyJTIyJTNFJTNDJTJGaWZyYW1lJTNF&#8221;][\/vc_column][\/vc_row]<\/p><\/div>","protected":false},"excerpt":{"rendered":"<p>[vc_row][vc_column][vc_column_text] P\u00e4\u00e4syliput Peruslippu 15\u20ac Alennusryhm\u00e4t 10\u20ac Lapset ja nuoret: Alle 7-vuotiaat ilmaiseksi 8-10-vuotiaat\u00a0 5\u20ac 11-17-vuotiaat 10\u20ac Kaikki kotiottelut pelataan Luhta Areenalla! Osta lippusi T\u00c4\u00c4LT\u00c4! [\/vc_column_text][vc_row_inner][vc_column_inner][vc_raw_html]JTNDJTIxLS0lMjBHcm93ZW8lMjBTbWFydCUyMEJvdCUyMC0tJTNFJTBBJTNDc2NyaXB0JTIwc3JjJTNEJTIyaHR0cHMlM0ElMkYlMkZlbmdpbmUuZ3Jvd2VvLmNvbSUyRmJvdCUyRnNjcmlwdDQuanMlMjIlM0UlM0MlMkZzY3JpcHQlM0UlMEElM0NzY3JpcHQlMjBzcmMlM0QlMjJodHRwcyUzQSUyRiUyRmVuZ2luZS5ncm93ZW8uY29tJTJGc21hcnRCbG9jayUyRnNjcmlwdC5qcyUyMiUzRSUzQyUyRnNjcmlwdCUzRSUwQSUzQ2lmcmFtZSUyMGlkJTNEJTIyNjZhMWU5MTRiNmQxMTc3NWRjODVlMzE1LTY2NzAwYTdmMzlhMGE4NjFjMzZmMzE3NC1pbnBhZ2UlMjIlMjAlMEElMjAlMjAlMjAlMjBzcmMlM0QlMjJodHRwcyUzQSUyRiUyRmVuZ2luZS5ncm93ZW8uY29tJTJGc21hcnRCbG9jayUyRiUzRnVybCUzRGh0dHBzJTNBJTJGJTJGZW5naW5lLmdyb3dlby5jb20lMkZhcGklMkY2NjcwMGE3ZjM5YTBhODYxYzM2ZjMxNzQlMkY2NmExZTkxNGI2ZDExNzc1ZGM4NWUzMTUlMjZwdWJsaXNoVXJsJTNEaHR0cHMlM0ElMkYlMkZlbmdpbmUuZ3Jvd2VvLmNvbSUyRmFwaSUyRnNlc3Npb24lMkZyZXNwb25zZSUyNndvcmtzcGFjZUlkJTNENjY3MDBhN2YzOWEwYTg2MWMzNmYzMTc0JTI2bW9kdWxlSWQlM0Q2NmExZTkxNGI2ZDExNzc1ZGM4NWUzMTUlMjZpblBhZ2UlM0R0cnVlJTI2aXNQcmV2aWV3JTNEZmFsc2UlMjZsYW5ndWFnZSUzRGZpJTIyJTIwJTBBJTIwJTIwJTIwJTIwaGVpZ2h0JTNEMTAwJTI1JTIwd2lkdGglM0QlMjIxMDAlMjUlMjIlMjBmcmFtZWJvcmRlciUzRCUyMjAlMjIlMjBzY3JvbGxpbmclM0QlMjJhdXRvJTIyJTNFJTNDJTJGaWZyYW1lJTNF[\/vc_raw_html][\/vc_column_inner][\/vc_row_inner][\/vc_column][\/vc_row][vc_row][vc_column][vc_gmaps link=&#8221;#E-8_JTNDaWZyYW1lJTIwc3JjJTNEJTIyaHR0cHMlM0ElMkYlMkZ3d3cuZ29vZ2xlLmNvbSUyRm1hcHMlMkZlbWJlZCUzRnBiJTNEJTIxMW0xOCUyMTFtMTIlMjExbTMlMjExZDE5MzUuMTk1NDgwMzY1MDc4OCUyMTJkMjUuNjM0OTY0OTQxMTY5MDUyJTIxM2Q2MC45ODUzMzM3ODg4Mjk5NSUyMTJtMyUyMTFmMCUyMTJmMCUyMTNmMCUyMTNtMiUyMTFpMTAyNCUyMTJpNzY4JTIxNGYxMy4xJTIxM20zJTIxMW0yJTIxMXMweDQ2OGUyOGY5MmM5YmQ3NWIlMjUzQTB4N2UwOTY0MDk3ZDY3MjI0MSUyMTJzTGFoZGVuJTI1MjBzdXVyaGFsbGklMjUyMCUyNTdDJTI1MjBMYWh0aSUyNTIwRW5lcmdpYSUyNTIwQXJlZW5hJTIxNWUwJTIxM20yJTIxMXNmaSUyMTJzZmklMjE0djE1NzAwMDAyNDEzMTUlMjE1bTIlMjExc2ZpJTIxMnNmaSUyMiUyMHdpZHRoJTNEJTIyNjAwJTIyJTIwaGVpZ2h0JTNEJTIyNDUwJTIyJTIwZnJhbWVib3JkZXIlM0QlMjIwJTIyJTIwc3R5bGUlM0QlMjJib3JkZXIlM0EwJTNCJTIyJTIwYWxsb3dmdWxsc2NyZWVuJTNEJTIyJTIyJTNFJTNDJTJGaWZyYW1lJTNF&#8221;][\/vc_column][\/vc_row]<\/p>\n","protected":false},"author":1,"featured_media":0,"parent":0,"menu_order":0,"comment_status":"closed","ping_status":"closed","template":"","meta":{"_crdt_document":"","advanced_seo_description":"","jetpack_seo_html_title":"","jetpack_seo_noindex":false,"footnotes":""},"class_list":["post-1602","page","type-page","status-publish","hentry"],"jetpack_sharing_enabled":false,"jetpack_shortlink":"https:\/\/wp.me\/PgVUN0-pQ","_links":{"self":[{"href":"https:\/\/lahtibasketball.fi\/index.php\/wp-json\/wp\/v2\/pages\/1602","targetHints":{"allow":["GET"]}}],"collection":[{"href":"https:\/\/lahtibasketball.fi\/index.php\/wp-json\/wp\/v2\/pages"}],"about":[{"href":"https:\/\/lahtibasketball.fi\/index.php\/wp-json\/wp\/v2\/types\/page"}],"author":[{"embeddable":true,"href":"https:\/\/lahtibasketball.fi\/index.php\/wp-json\/wp\/v2\/users\/1"}],"replies":[{"embeddable":true,"href":"https:\/\/lahtibasketball.fi\/index.php\/wp-json\/wp\/v2\/comments?post=1602"}],"version-history":[{"count":57,"href":"https:\/\/lahtibasketball.fi\/index.php\/wp-json\/wp\/v2\/pages\/1602\/revisions"}],"predecessor-version":[{"id":5886,"href":"https:\/\/lahtibasketball.fi\/index.php\/wp-json\/wp\/v2\/pages\/1602\/revisions\/5886"}],"wp:attachment":[{"href":"https:\/\/lahtibasketball.fi\/index.php\/wp-json\/wp\/v2\/media?parent=1602"}],"curies":[{"name":"wp","href":"https:\/\/api.w.org\/{rel}","templated":true}]}}